{"id":28,"date":"2026-02-12T11:43:44","date_gmt":"2026-02-12T11:43:44","guid":{"rendered":"https:\/\/compostagem.resialentejo.pt\/?page_id=28"},"modified":"2026-04-11T20:04:35","modified_gmt":"2026-04-11T19:04:35","slug":"a-compostagem","status":"publish","type":"page","link":"https:\/\/compostagem.resialentejo.pt\/?page_id=28","title":{"rendered":"A Compostagem"},"content":{"rendered":"\t\t<div data-elementor-type=\"wp-page\" data-elementor-id=\"28\" class=\"elementor elementor-28\">\n\t\t\t\t<div class=\"elementor-element elementor-element-21c18c4 e-flex e-con-boxed e-con e-parent\" data-id=\"21c18c4\" data-element_type=\"container\" data-e-type=\"container\" data-settings=\"{&quot;background_background&quot;:&quot;classic&quot;}\">\n\t\t\t\t\t<div class=\"e-con-inner\">\n\t\t\t\t<div class=\"elementor-element elementor-element-c879d67 elementor-widget elementor-widget-heading\" data-id=\"c879d67\" data-element_type=\"widget\" data-e-type=\"widget\" data-widget_type=\"heading.default\">\n\t\t\t\t\t<h1 class=\"elementor-heading-title elementor-size-default\">A Compostagem<\/h1>\t\t\t\t<\/div>\n\t\t\t\t\t<\/div>\n\t\t\t\t<\/div>\n\t\t<div class=\"elementor-element elementor-element-e22eb2f e-flex e-con-boxed e-con e-parent\" data-id=\"e22eb2f\" data-element_type=\"container\" data-e-type=\"container\" data-settings=\"{&quot;background_background&quot;:&quot;classic&quot;}\">\n\t\t\t\t\t<div class=\"e-con-inner\">\n\t\t<div class=\"elementor-element elementor-element-bdcd2b3 e-con-full e-flex e-con e-child\" data-id=\"bdcd2b3\" data-element_type=\"container\" data-e-type=\"container\">\n\t\t\t\t<div class=\"elementor-element elementor-element-a63b82c elementor-widget__width-inherit elementor-widget elementor-widget-heading\" data-id=\"a63b82c\" data-element_type=\"widget\" data-e-type=\"widget\" data-widget_type=\"heading.default\">\n\t\t\t\t\t<h2 class=\"elementor-heading-title elementor-size-default\">Biorres\u00edduos<\/h2>\t\t\t\t<\/div>\n\t\t\t\t<div class=\"elementor-element elementor-element-871156b elementor-widget elementor-widget-text-editor\" data-id=\"871156b\" data-element_type=\"widget\" data-e-type=\"widget\" data-widget_type=\"text-editor.default\">\n\t\t\t\t\t\t\t\t\t<p>Tamb\u00e9m chamados de res\u00edduos org\u00e2nicos, os biorres\u00edduos s\u00e3o, essencialmente, os restos de alimentos n\u00e3o confecionados (cascas e cascabulhos de fruta, sobras de hortali\u00e7as e legumes, cascas de ovos, borras de caf\u00e9, p\u00e3o, etc) e os res\u00edduos provenientes de hortas e jardins (folhas, ervas, ramos, galhos, relva, etc).<br \/>Consoante o teor de humidade e a propor\u00e7\u00e3o de nutrientes, os biorres\u00edduos dividem-se em res\u00edduos verdes e res\u00edduos castanhos. Os verdes t\u00eam um alto teor de humidade e s\u00e3o ricos em azoto. Os castanhos t\u00eam baixo teor de humidade e s\u00e3o ricos em carbono. S\u00e3o ambos essenciais no processo de compostagem.<\/p>\t\t\t\t\t\t\t\t<\/div>\n\t\t\t\t<\/div>\n\t\t<div class=\"elementor-element elementor-element-61aed29 e-con-full e-flex e-con e-child\" data-id=\"61aed29\" data-element_type=\"container\" data-e-type=\"container\">\n\t\t\t\t<div class=\"elementor-element elementor-element-2411cb8 elementor-widget elementor-widget-image\" data-id=\"2411cb8\" data-element_type=\"widget\" data-e-type=\"widget\" data-widget_type=\"image.default\">\n\t\t\t\t\t\t\t\t\t\t\t\t\t\t\t<img fetchpriority=\"high\" decoding=\"async\" width=\"1920\" height=\"1666\" src=\"https:\/\/compostagem.resialentejo.pt\/wp-content\/uploads\/2026\/04\/esquema.webp\" class=\"attachment-full size-full wp-image-171\" alt=\"\" srcset=\"https:\/\/compostagem.resialentejo.pt\/wp-content\/uploads\/2026\/04\/esquema.webp 1920w, https:\/\/compostagem.resialentejo.pt\/wp-content\/uploads\/2026\/04\/esquema-1200.webp 1200w, https:\/\/compostagem.resialentejo.pt\/wp-content\/uploads\/2026\/04\/esquema-600.webp 600w, https:\/\/compostagem.resialentejo.pt\/wp-content\/uploads\/2026\/04\/esquema-300.webp 300w, https:\/\/compostagem.resialentejo.pt\/wp-content\/uploads\/2026\/04\/esquema-150x150.webp 150w\" sizes=\"(max-width: 1920px) 100vw, 1920px\" \/>\t\t\t\t\t\t\t\t\t\t\t\t\t\t\t<\/div>\n\t\t\t\t<\/div>\n\t\t\t\t\t<\/div>\n\t\t\t\t<\/div>\n\t\t<div class=\"elementor-element elementor-element-a591c67 e-flex e-con-boxed e-con e-parent\" data-id=\"a591c67\" data-element_type=\"container\" data-e-type=\"container\">\n\t\t\t\t\t<div class=\"e-con-inner\">\n\t\t<div class=\"elementor-element elementor-element-d2615a3 e-con-full e-flex e-con e-child\" data-id=\"d2615a3\" data-element_type=\"container\" data-e-type=\"container\">\n\t\t\t\t<div class=\"elementor-element elementor-element-6641cd7 elementor-widget__width-inherit elementor-widget elementor-widget-heading\" data-id=\"6641cd7\" data-element_type=\"widget\" data-e-type=\"widget\" data-widget_type=\"heading.default\">\n\t\t\t\t\t<h2 class=\"elementor-heading-title elementor-size-default\">Compostagem<\/h2>\t\t\t\t<\/div>\n\t\t\t\t<div class=\"elementor-element elementor-element-a9bfaee elementor-widget elementor-widget-text-editor\" data-id=\"a9bfaee\" data-element_type=\"widget\" data-e-type=\"widget\" data-widget_type=\"text-editor.default\">\n\t\t\t\t\t\t\t\t\t<p>A compostagem \u00e9 o processo biol\u00f3gico de decomposi\u00e7\u00e3o da mat\u00e9ria org\u00e2nica que permite a transforma\u00e7\u00e3o dos biorres\u00edduos num produto semelhante a terra, chamado composto.<\/p><p>A dura\u00e7\u00e3o do processo depende da quantidade de biorres\u00edduos utilizada mas \u00e9 expect\u00e1vel que o composto seja produzido em cerca de quatro a seis meses.<\/p>\t\t\t\t\t\t\t\t<\/div>\n\t\t\t\t<\/div>\n\t\t<div class=\"elementor-element elementor-element-f96a314 e-con-full e-flex e-con e-child\" data-id=\"f96a314\" data-element_type=\"container\" data-e-type=\"container\">\n\t\t\t\t<div class=\"elementor-element elementor-element-528c947 elementor-widget__width-inherit elementor-widget elementor-widget-heading\" data-id=\"528c947\" data-element_type=\"widget\" data-e-type=\"widget\" data-widget_type=\"heading.default\">\n\t\t\t\t\t<h3 class=\"elementor-heading-title elementor-size-default\">Composto<\/h3>\t\t\t\t<\/div>\n\t\t\t\t<div class=\"elementor-element elementor-element-c97124e elementor-widget elementor-widget-text-editor\" data-id=\"c97124e\" data-element_type=\"widget\" data-e-type=\"widget\" data-widget_type=\"text-editor.default\">\n\t\t\t\t\t\t\t\t\t<p>O composto resultante do processo de compostagem de biorres\u00edduos \u00e9 um adubo natural, com aspeto semelhante a terra, de cor escura e sem odores. Por ser rico em nutrientes melhora as caracter\u00edsticas dos solos, sem quaisquer riscos para o meio ambiente. Pode ser utilizado em substitui\u00e7\u00e3o dos fertilizantes qu\u00edmicos nos vasos, sementeiras, hortas e jardins.<\/p>\t\t\t\t\t\t\t\t<\/div>\n\t\t\t\t<\/div>\n\t\t<div class=\"elementor-element elementor-element-3c4ae68 e-con-full e-flex e-con e-child\" data-id=\"3c4ae68\" data-element_type=\"container\" data-e-type=\"container\">\n\t\t\t\t<div class=\"elementor-element elementor-element-54d4bb1 elementor-widget__width-inherit elementor-widget elementor-widget-heading\" data-id=\"54d4bb1\" data-element_type=\"widget\" data-e-type=\"widget\" data-widget_type=\"heading.default\">\n\t\t\t\t\t<h3 class=\"elementor-heading-title elementor-size-default\">O que compostar<\/h3>\t\t\t\t<\/div>\n\t\t\t\t<div class=\"elementor-element elementor-element-1f2fe9f elementor-widget elementor-widget-text-editor\" data-id=\"1f2fe9f\" data-element_type=\"widget\" data-e-type=\"widget\" data-widget_type=\"text-editor.default\">\n\t\t\t\t\t\t\t\t\t<p>A riqueza do processo de compostagem e a qualidade do composto produzido dependem da diversidade de biorres\u00edduos utilizados.<\/p><p>Os restos de comida j\u00e1 confecionada, bem como carne, peixe, marisco, latic\u00ednios, citrinos, ossos e espinhas, n\u00e3o devem ser utilizados na compostagem, por poderem criar odores e atrair animais indesej\u00e1veis, como ratos.<\/p><p>Deve ser utilizada a maior diversidade poss\u00edvel de res\u00edduos verdes e de res\u00edduos castanhos.<\/p>\t\t\t\t\t\t\t\t<\/div>\n\t\t\t\t<\/div>\n\t\t\t\t\t<\/div>\n\t\t\t\t<\/div>\n\t\t<div class=\"elementor-element elementor-element-7678d22 e-flex e-con-boxed e-con e-parent\" data-id=\"7678d22\" data-element_type=\"container\" data-e-type=\"container\" data-settings=\"{&quot;background_background&quot;:&quot;classic&quot;}\">\n\t\t\t\t\t<div class=\"e-con-inner\">\n\t\t<div class=\"elementor-element elementor-element-e37583e e-con-full e-flex e-con e-child\" data-id=\"e37583e\" data-element_type=\"container\" data-e-type=\"container\">\n\t\t\t\t<div class=\"elementor-element elementor-element-8aa738f elementor-widget__width-inherit elementor-widget elementor-widget-heading\" data-id=\"8aa738f\" data-element_type=\"widget\" data-e-type=\"widget\" data-widget_type=\"heading.default\">\n\t\t\t\t\t<h3 class=\"elementor-heading-title elementor-size-default\">Res\u00edduos Verdes<\/h3>\t\t\t\t<\/div>\n\t\t\t\t<div class=\"elementor-element elementor-element-e72f038 checklist elementor-widget elementor-widget-text-editor\" data-id=\"e72f038\" data-element_type=\"widget\" data-e-type=\"widget\" data-widget_type=\"text-editor.default\">\n\t\t\t\t\t\t\t\t\t<ul><li>Restos de hortali\u00e7as e legumes crus<\/li><li>Cascas e restos de fruta<\/li><li>Borras de caf\u00e9<\/li><li>Saquetas de ch\u00e1<\/li><li>Cascas de ovo esmagadas<\/li><li>P\u00e3o e bolos em pequena quantidade<\/li><li>Folhas verdes<\/li><li>Ervas<\/li><li>Flores<\/li><li>Relva recentemente cortada<\/li><\/ul>\t\t\t\t\t\t\t\t<\/div>\n\t\t\t\t<\/div>\n\t\t<div class=\"elementor-element elementor-element-7778e05 e-con-full e-flex e-con e-child\" data-id=\"7778e05\" data-element_type=\"container\" data-e-type=\"container\">\n\t\t\t\t<div class=\"elementor-element elementor-element-5dfd65b elementor-widget__width-inherit elementor-widget elementor-widget-heading\" data-id=\"5dfd65b\" data-element_type=\"widget\" data-e-type=\"widget\" data-widget_type=\"heading.default\">\n\t\t\t\t\t<h3 class=\"elementor-heading-title elementor-size-default\">Res\u00edduos Castanhos<\/h3>\t\t\t\t<\/div>\n\t\t\t\t<div class=\"elementor-element elementor-element-e7bdaff checklist elementor-widget elementor-widget-text-editor\" data-id=\"e7bdaff\" data-element_type=\"widget\" data-e-type=\"widget\" data-widget_type=\"text-editor.default\">\n\t\t\t\t\t\t\t\t\t<ul><li>Cascas de batatas<\/li><li>Cascas de frutos secos<\/li><li>Folhas secas<\/li><li>Relva seca<\/li><li>Arbustos<\/li><li>Ramos<\/li><li>Aparas de madeira e serradura<\/li><li>Palha<\/li><li>Feno<\/li><\/ul>\t\t\t\t\t\t\t\t<\/div>\n\t\t\t\t<\/div>\n\t\t<div class=\"elementor-element elementor-element-6c82ab0 e-con-full e-flex e-con e-child\" data-id=\"6c82ab0\" data-element_type=\"container\" data-e-type=\"container\">\n\t\t\t\t<div class=\"elementor-element elementor-element-faa7269 elementor-widget__width-inherit elementor-widget elementor-widget-heading\" data-id=\"faa7269\" data-element_type=\"widget\" data-e-type=\"widget\" data-widget_type=\"heading.default\">\n\t\t\t\t\t<h3 class=\"elementor-heading-title elementor-size-default\">A evitar<\/h3>\t\t\t\t<\/div>\n\t\t\t\t<div class=\"elementor-element elementor-element-0ad5e6f checklist elementor-widget elementor-widget-text-editor\" data-id=\"0ad5e6f\" data-element_type=\"widget\" data-e-type=\"widget\" data-widget_type=\"text-editor.default\">\n\t\t\t\t\t\t\t\t\t<ul><li>Restos de comida cozinhada<\/li><li>Carne<\/li><li>Peixe<\/li><li>Mariscos<\/li><li>Ossos<\/li><li>Espinhas<\/li><li>Molhos<\/li><li>Latic\u00ednios<\/li><li>Citrinos<\/li><\/ul>\t\t\t\t\t\t\t\t<\/div>\n\t\t\t\t<\/div>\n\t\t<div class=\"elementor-element elementor-element-9b92c18 e-con-full e-flex e-con e-child\" data-id=\"9b92c18\" data-element_type=\"container\" data-e-type=\"container\">\n\t\t\t\t<div class=\"elementor-element elementor-element-191ba3b elementor-widget__width-inherit elementor-widget elementor-widget-heading\" data-id=\"191ba3b\" data-element_type=\"widget\" data-e-type=\"widget\" data-widget_type=\"heading.default\">\n\t\t\t\t\t<h3 class=\"elementor-heading-title elementor-size-default\">N\u00e3o Depositar<\/h3>\t\t\t\t<\/div>\n\t\t\t\t<div class=\"elementor-element elementor-element-f5722ab checklist elementor-widget elementor-widget-text-editor\" data-id=\"f5722ab\" data-element_type=\"widget\" data-e-type=\"widget\" data-widget_type=\"text-editor.default\">\n\t\t\t\t\t\t\t\t\t<ul><li>Cinzas<\/li><li>Beatas de cigarros<\/li><li>Dejetos de animais dom\u00e9sticos<\/li><li>Medicamentos<\/li><li>Fraldas<\/li><\/ul>\t\t\t\t\t\t\t\t<\/div>\n\t\t\t\t<\/div>\n\t\t\t\t\t<\/div>\n\t\t\t\t<\/div>\n\t\t\t\t<\/div>\n\t\t","protected":false},"excerpt":{"rendered":"<p>A Compostagem Biorres\u00edduos Tamb\u00e9m chamados de res\u00edduos org\u00e2nicos, os biorres\u00edduos s\u00e3o, essencialmente, os restos de alimentos n\u00e3o confecionados (cascas e cascabulhos de fruta, sobras de hortali\u00e7as e legumes, cascas de ovos, borras de caf\u00e9, p\u00e3o, etc) e os res\u00edduos provenientes de hortas e jardins (folhas, ervas, ramos, galhos, relva, etc).Consoante o teor de humidade e [&hellip;]<\/p>\n","protected":false},"author":1,"featured_media":0,"parent":0,"menu_order":0,"comment_status":"closed","ping_status":"closed","template":"","meta":{"footnotes":""},"class_list":["post-28","page","type-page","status-publish","hentry"],"_links":{"self":[{"href":"https:\/\/compostagem.resialentejo.pt\/index.php?rest_route=\/wp\/v2\/pages\/28","targetHints":{"allow":["GET"]}}],"collection":[{"href":"https:\/\/compostagem.resialentejo.pt\/index.php?rest_route=\/wp\/v2\/pages"}],"about":[{"href":"https:\/\/compostagem.resialentejo.pt\/index.php?rest_route=\/wp\/v2\/types\/page"}],"author":[{"embeddable":true,"href":"https:\/\/compostagem.resialentejo.pt\/index.php?rest_route=\/wp\/v2\/users\/1"}],"replies":[{"embeddable":true,"href":"https:\/\/compostagem.resialentejo.pt\/index.php?rest_route=%2Fwp%2Fv2%2Fcomments&post=28"}],"version-history":[{"count":3,"href":"https:\/\/compostagem.resialentejo.pt\/index.php?rest_route=\/wp\/v2\/pages\/28\/revisions"}],"predecessor-version":[{"id":174,"href":"https:\/\/compostagem.resialentejo.pt\/index.php?rest_route=\/wp\/v2\/pages\/28\/revisions\/174"}],"wp:attachment":[{"href":"https:\/\/compostagem.resialentejo.pt\/index.php?rest_route=%2Fwp%2Fv2%2Fmedia&parent=28"}],"curies":[{"name":"wp","href":"https:\/\/api.w.org\/{rel}","templated":true}]}}